{"id":32478,"date":"2018-02-06T16:32:16","date_gmt":"2018-02-06T15:32:16","guid":{"rendered":"https:\/\/job.oneplacement.com\/one-placement\/"},"modified":"2019-10-14T18:14:25","modified_gmt":"2019-10-14T16:14:25","slug":"one-placement","status":"publish","type":"page","link":"https:\/\/job.oneplacement.com\/de\/wer-sind-wir\/one-placement\/","title":{"rendered":"One placement"},"content":{"rendered":"<h2>Ein paar Worte zu One Placement<\/h2>\n<p>Seit \u00fcber 15 Jahren hilft One Placement Arbeitssuchenden dabei, ihren pers\u00f6nlichen Mehrwert zu bestimmen und eine geeignete Stelle zu finden. Zugleich werden Unternehmen bei der Suche und Auswahl geeigneter Mitarbeiter und F\u00fchrungskr\u00e4fte f\u00fcr tempor\u00e4re und unbefristete Stellen unterst\u00fctzt.<\/p>\n<p>One Placement wurde 2002 in Genf gegr\u00fcndet und setzt sich als Komplettanbieter aus Experten der unterschiedlichen Branchen zusammen, die in der franz\u00f6sisch- und deutschsprachigen Schweiz (Lausanne, Carouge, Genf und Basel) anzutreffen sind. One Placement ist vor allem in den folgenden Branchen t\u00e4tig: Industrie, Medizin, Dienstleistungssektor, Finanzen, Technologie, Hotellerie und Bauwesen.<\/p>\n<p>Unser Service basiert auf drei Kernbereichen: Tempor\u00e4rarbeit, Dauerstellenvermittlung und Vermittlung von F\u00fchrungskr\u00e4ften. Bei all unseren Dienstleistungen legen wir Wert darauf, ein geeignetes und qualitativ hochwertiges Angebot zu liefern, das den Erwartungen jedes Kunden entspricht.<\/p>\n<p>Durch aufmerksames Zuh\u00f6ren und dauerhafte Unterst\u00fctzung w\u00e4hrend des gesamten Einstellungsverfahrens bauen wir zu jedem einzelnen unserer Kunden eine pers\u00f6nliche und langfristige Beziehung auf.<\/p>\n<h2>Unser Team<\/h2>\n<p>Das Team von One Placement besteht aus kompetenten Personalberatern, die sich auf bestimmte Branchen und Berufe spezialisiert haben. <\/p>\n<p>Wir arbeiten mit Leidenschaft und menschliche Werte spielen dabei eine wesentliche Rolle. Mit unserer Begeisterung, unseren F\u00e4higkeiten und unserem Know-how bieten wir Ihnen einen qualitativ hochwertigen Service, der Ihren Erwartungen jederzeit entspricht. <\/p>\n","protected":false},"excerpt":{"rendered":"<p>Ein paar Worte zu One Placement Seit \u00fcber 15 Jahren hilft One Placement Arbeitssuchenden dabei, ihren pers\u00f6nlichen Mehrwert zu bestimmen und eine geeignete Stelle zu finden. Zugleich werden Unternehmen bei der Suche und Auswahl geeigneter Mitarbeiter und F\u00fchrungskr\u00e4fte f\u00fcr tempor\u00e4re und unbefristete Stellen unterst\u00fctzt. One Placement wurde 2002 in Genf gegr\u00fcndet und setzt sich als [&hellip;]<\/p>\n","protected":false},"author":1,"featured_media":0,"parent":33176,"menu_order":1,"comment_status":"closed","ping_status":"closed","template":"","meta":{"_acf_changed":false,"footnotes":""},"class_list":["post-32478","page","type-page","status-publish","hentry"],"acf":[],"aioseo_notices":[],"_links":{"self":[{"href":"https:\/\/job.oneplacement.com\/de\/wp-json\/wp\/v2\/pages\/32478"}],"collection":[{"href":"https:\/\/job.oneplacement.com\/de\/wp-json\/wp\/v2\/pages"}],"about":[{"href":"https:\/\/job.oneplacement.com\/de\/wp-json\/wp\/v2\/types\/page"}],"author":[{"embeddable":true,"href":"https:\/\/job.oneplacement.com\/de\/wp-json\/wp\/v2\/users\/1"}],"replies":[{"embeddable":true,"href":"https:\/\/job.oneplacement.com\/de\/wp-json\/wp\/v2\/comments?post=32478"}],"version-history":[{"count":3,"href":"https:\/\/job.oneplacement.com\/de\/wp-json\/wp\/v2\/pages\/32478\/revisions"}],"predecessor-version":[{"id":32483,"href":"https:\/\/job.oneplacement.com\/de\/wp-json\/wp\/v2\/pages\/32478\/revisions\/32483"}],"up":[{"embeddable":true,"href":"https:\/\/job.oneplacement.com\/de\/wp-json\/wp\/v2\/pages\/33176"}],"wp:attachment":[{"href":"https:\/\/job.oneplacement.com\/de\/wp-json\/wp\/v2\/media?parent=32478"}],"curies":[{"name":"wp","href":"https:\/\/api.w.org\/{rel}","templated":true}]}}