{"id":32489,"date":"2018-02-05T16:03:54","date_gmt":"2018-02-05T15:03:54","guid":{"rendered":"https:\/\/job.oneplacement.com\/nos-valeurs\/"},"modified":"2019-10-08T16:01:52","modified_gmt":"2019-10-08T14:01:52","slug":"unsere-werte","status":"publish","type":"page","link":"https:\/\/job.oneplacement.com\/de\/wer-sind-wir\/unsere-werte\/","title":{"rendered":"Unsere Werte"},"content":{"rendered":"<h2>Unsere Werte<\/h2>\n<p>Bei One Placement stellen unsere Werte den Kompass f\u00fcr unser t\u00e4gliches Handeln dar:<\/p>\n<p><strong>Nah:<\/strong> Wir unterst\u00fctzen Sie w\u00e4hrend des gesamten Personalbeschaffungsprozesses und reagieren auf Ver\u00e4nderungen der Situation.<\/p>\n<p><strong>Menschlich: <\/strong>Egal, ob Sie nach einer Stelle oder einer Arbeitskraft suchen: wir ber\u00fccksichtigen Ihre Bed\u00fcrfnisse, Ihre Besonderheiten, Ihre Kultur und Ihre bisherigen Erfahrungen, um Ihnen eine auf Ihre Situation zugeschnittene L\u00f6sung anzubieten.<\/p>\n<p><strong>Transparent: <\/strong>Hinsichtlich unseren Konditionen und unser professionelle Vorgehensweise lassen wir von Anfang an keine Fragen offen. Sie k\u00f6nnen sich darauf verlassen, dass wir uns Ihnen gegen\u00fcber stets fair und professionell verhalten. Wir garantieren dar\u00fcber hinaus die vollst\u00e4ndige Einhaltung der geltenden Vorschriften des Arbeitsrechts.<\/p>\n<p><strong>Loyal und vertrauensvoll:<\/strong> Wir werden immer unser M\u00f6glichstes tun, um Ihnen den Service zu bieten, der in Ihrem Interesse liegt.<\/p>\n<p><strong>Leidenschaftlich: <\/strong>Wir lieben unseren Beruf. Deshalb holen wir das Beste aus uns heraus, um Ihnen qualitativ hochwertige Dienstleistungen anzubieten.<\/p>\n<p><strong>Flexibel: <\/strong>Wie komplex Ihr Anliegen auch sein mag: wir k\u00f6nnen Ihnen eine L\u00f6sung vorschlagen. Wir haben stets ein offenes Ohr und k\u00f6nnen jederzeit angemessen reagieren.<\/p>\n<p><strong>Innovativ:<\/strong> Kreativit\u00e4t ist eine unserer St\u00e4rken. Wir wissen, dass es keine einheitliche L\u00f6sung f\u00fcr alle gibt. Mit unserer Kreativit\u00e4t finden wir das Passende f\u00fcr Sie.<\/p>\n<h2>Unsere Philosophie<\/h2>\n<p style=\"text-align: left;\"><span class=\"citation\"><em>\u00ab\u00a0Zuh\u00f6ren k\u00f6nnen ist der halbe Erfolg.\u00a0\u00bb<\/em><\/span><\/p>\n<p style=\"text-align: left;\"><span class=\"auteur\">Calvin Coolidge<\/span><\/p>\n<p>F\u00fcr uns bei One Placement ist es wichtig, richtig zuzuh\u00f6ren. Jeder Kunde hat ganz eigene Anliegen und Erwartungen. Deshalb ist es ausschlaggebend, die Situation bereits beim ersten Kontakt richtig einzusch\u00e4tzen. Auf diese Weise k\u00f6nnen wir eine sachgerechte und effektive L\u00f6sung finden.<\/p>\n<p>Auch im Falle einer unvorhergesehenen \u00c4nderung oder in Notsituationen stehen wir Ihnen zur Verf\u00fcgung und reagieren so schnell wie m\u00f6glich.<\/p>\n<p>Wir unterst\u00fctzen Sie langfristig, damit unsere L\u00f6sungen Ihnen sowohl heute als auch in Zukunft einen echten Mehrwert bieten. <\/p>\n<p>Denn Ihr Vertrauen ist uns wichtig.<\/p>\n","protected":false},"excerpt":{"rendered":"<p>Unsere Werte Bei One Placement stellen unsere Werte den Kompass f\u00fcr unser t\u00e4gliches Handeln dar: Nah: Wir unterst\u00fctzen Sie w\u00e4hrend des gesamten Personalbeschaffungsprozesses und reagieren auf Ver\u00e4nderungen der Situation. Menschlich: Egal, ob Sie nach einer Stelle oder einer Arbeitskraft suchen: wir ber\u00fccksichtigen Ihre Bed\u00fcrfnisse, Ihre Besonderheiten, Ihre Kultur und Ihre bisherigen Erfahrungen, um Ihnen eine [&hellip;]<\/p>\n","protected":false},"author":1,"featured_media":0,"parent":33176,"menu_order":2,"comment_status":"closed","ping_status":"closed","template":"","meta":{"_acf_changed":false,"footnotes":""},"class_list":["post-32489","page","type-page","status-publish","hentry"],"acf":[],"aioseo_notices":[],"_links":{"self":[{"href":"https:\/\/job.oneplacement.com\/de\/wp-json\/wp\/v2\/pages\/32489"}],"collection":[{"href":"https:\/\/job.oneplacement.com\/de\/wp-json\/wp\/v2\/pages"}],"about":[{"href":"https:\/\/job.oneplacement.com\/de\/wp-json\/wp\/v2\/types\/page"}],"author":[{"embeddable":true,"href":"https:\/\/job.oneplacement.com\/de\/wp-json\/wp\/v2\/users\/1"}],"replies":[{"embeddable":true,"href":"https:\/\/job.oneplacement.com\/de\/wp-json\/wp\/v2\/comments?post=32489"}],"version-history":[{"count":2,"href":"https:\/\/job.oneplacement.com\/de\/wp-json\/wp\/v2\/pages\/32489\/revisions"}],"predecessor-version":[{"id":32493,"href":"https:\/\/job.oneplacement.com\/de\/wp-json\/wp\/v2\/pages\/32489\/revisions\/32493"}],"up":[{"embeddable":true,"href":"https:\/\/job.oneplacement.com\/de\/wp-json\/wp\/v2\/pages\/33176"}],"wp:attachment":[{"href":"https:\/\/job.oneplacement.com\/de\/wp-json\/wp\/v2\/media?parent=32489"}],"curies":[{"name":"wp","href":"https:\/\/api.w.org\/{rel}","templated":true}]}}