{"id":32518,"date":"2018-02-06T09:47:32","date_gmt":"2018-02-06T08:47:32","guid":{"rendered":"https:\/\/job.oneplacement.com\/ich-bin-ein-bewerberin\/travail-temporaire\/"},"modified":"2022-04-11T09:44:28","modified_gmt":"2022-04-11T07:44:28","slug":"temporararbeit","status":"publish","type":"page","link":"https:\/\/job.oneplacement.com\/de\/ich-bin-ein-bewerberin\/temporararbeit\/","title":{"rendered":"Tempor\u00e4rarbeit (Bewerber\/-innen)"},"content":{"rendered":"<p>Sie w\u00fcnschen sich flexible Arbeitszeiten? Sind Sie auf der Suche nach einer neuen beruflichen Herausforderung? M\u00f6chten Sie neue Bereiche kennenlernen? Sie haben Zeit und m\u00f6chten diese sinnvoll nutzen?<\/p>\n<p>One Placement unterst\u00fctzt Sie bei der Verwirklichung Ihrer Karrierepl\u00e4ne und begleitet Sie bei Ihrer Suche nach einer geeigneten Stelle.<\/p>\n<h4>Sehen Sie sich alle unseren offenen tempor\u00e4ren Stellen an<\/h4>\n<p>&nbsp;<\/p>\n<div class=\"search-block\">\n    <div class=\"search-form-content-wrapper\">\n        <div class=\"form-block\">\n            <p>0<\/p>\n                <div class=\"form_input_block\">\n                    <div class=\"input-block\">\n                        <div class=\"input-box\">\n                            <input autocomplete=\"off\" type=\"text\" id=\"keyword_search\" value='' name=\"keyword\" placeholder=\"Schl\u00fcsselwort (Beruf, Kompetenz, ...)\">\n                        <\/div>\n                        <div class=\"search-autocomplete-result\" id=\"search-autocomplete-result\">\n                            <div class=\"search-loader\" style=\"display: none;\">\n                                <img decoding=\"async\" src=\"https:\/\/job.oneplacement.com\/wp-content\/themes\/one\/images\/loader.gif\">\n                            <\/div>\n                            <div id=\"search-result\" class=\"autocomplete-result\" style=\"display: none;\">\n                            <\/div>\n                        <\/div>\n                    <\/div>\n                    <div class=\"input-block\">\n                        <div class=\"input-box\">\n                            <select id=\"region_selectbox\" class=\"selectbox\" name=\"region\">\t\n                                <option value=\"0\">Region<\/option>\n                                                                    <option  value=\"390\">Basel<\/option>\n                                                                    <option  value=\"391\">Genf<\/option>\n                                                                    <option  value=\"392\">Waadt<\/option>\n                                                            <\/select>\n                        <\/div>\n                    <\/div>\n                    <div class=\"input-block submit-block\">\n\t\t\t\t\t\t<input type=\"hidden\" name=\"current_language\" id=\"current_language\" value=\"de\">\n                        <input type=\"hidden\" name=\"search_result_page_url\" id=\"search_result_page_url\" value=\"https:\/\/job.oneplacement.com\/offres-demploi\/trouver-un-emploi\/\">\n                        <button type=\"submit\" id=\"searchformsubmit\" class=\"btn-default light\">Suche<\/button>\n                        \n                    <\/div>\n                <\/div>\n                <div class=\"form_input_block\">\n                    <div class=\"input-block hidden_input_block\">\n                        <div class=\"input-box\">\n                            <select id=\"search_category\" class=\"selectbox\" name=\"secteur\">\n                                <option value=\"0\">Bereich<\/option>\t\t\n                                                                    <option  value=\"394\">Bauwesen<\/option>\n                                                                    <option  value=\"408\">Dienstleistungssektor<\/option>\n                                                                    <option  value=\"396\">Gastgewerbe<\/option>\n                                                                    <option  value=\"398\">Industrie<\/option>\n                                                                    <option  value=\"400\">Intern<\/option>\n                                                                    <option  value=\"402\">Logistik<\/option>\n                                                                    <option  value=\"404\">Medizin<\/option>\n                                                                    <option  value=\"406\">Technik<\/option>\n                                                            <\/select>\n                        <\/div>\n                    <\/div>\n                    <div class=\"input-block hidden_input_block\">\n                        <div class=\"input-box\">\n                            <select id=\"search_type\" class=\"selectbox\" name=\"type\">\t\n                                <option value=\"0\">Typ<\/option>\n                                                                    <option  value=\"329\">Beratungsmission<\/option>\n                                                                    <option  value=\"246\">Executiv<\/option>\n                                                                    <option  value=\"170\">Festanstellung<\/option>\n                                                                    <option  value=\"248\">One Placement<\/option>\n                                                                    <option selected value=\"137\">Tempor\u00e4r<\/option>\n                                                            <\/select>\n                        <\/div>\n                    <\/div>\n                    <div class=\"input-block\">\n                        <a href=\"javascript:void(0);\" class=\"btn_text\">Erweiterte Suche<\/a>\n                        <input type=\"hidden\" name=\"simple_search_text\" id=\"simple_search_text\" value=\"Einfache Suche\">\n                        <input type=\"hidden\" name=\"adv_search_text\" id=\"adv_search_text\" value=\"Erweiterte Suche\">\n                    <\/div>\n\n                <\/div>\n                <div class=\"search_btns_block\">\n                                            <a href=\"\/spontane-bewerbung\" class=\"btn-default search_btn\">Spontane Bewerbung<\/a>\n                                    <\/div>\n        <\/div>\n    <\/div>\n<\/div>\n<div class=\"search_results_section\" id=\"job_search_result_list\">\n\n","protected":false},"excerpt":{"rendered":"<p>Sie w\u00fcnschen sich flexible Arbeitszeiten? Sind Sie auf der Suche nach einer neuen beruflichen Herausforderung? M\u00f6chten Sie neue Bereiche kennenlernen? Sie haben Zeit und m\u00f6chten diese sinnvoll nutzen? One Placement unterst\u00fctzt Sie bei der Verwirklichung Ihrer Karrierepl\u00e4ne und begleitet Sie bei Ihrer Suche nach einer geeigneten Stelle. Sehen Sie sich alle unseren offenen tempor\u00e4ren Stellen [&hellip;]<\/p>\n","protected":false},"author":1,"featured_media":0,"parent":32512,"menu_order":0,"comment_status":"closed","ping_status":"closed","template":"page-center.php","meta":{"_acf_changed":false,"footnotes":""},"class_list":["post-32518","page","type-page","status-publish","hentry"],"acf":[],"aioseo_notices":[],"_links":{"self":[{"href":"https:\/\/job.oneplacement.com\/de\/wp-json\/wp\/v2\/pages\/32518"}],"collection":[{"href":"https:\/\/job.oneplacement.com\/de\/wp-json\/wp\/v2\/pages"}],"about":[{"href":"https:\/\/job.oneplacement.com\/de\/wp-json\/wp\/v2\/types\/page"}],"author":[{"embeddable":true,"href":"https:\/\/job.oneplacement.com\/de\/wp-json\/wp\/v2\/users\/1"}],"replies":[{"embeddable":true,"href":"https:\/\/job.oneplacement.com\/de\/wp-json\/wp\/v2\/comments?post=32518"}],"version-history":[{"count":4,"href":"https:\/\/job.oneplacement.com\/de\/wp-json\/wp\/v2\/pages\/32518\/revisions"}],"predecessor-version":[{"id":117318,"href":"https:\/\/job.oneplacement.com\/de\/wp-json\/wp\/v2\/pages\/32518\/revisions\/117318"}],"up":[{"embeddable":true,"href":"https:\/\/job.oneplacement.com\/de\/wp-json\/wp\/v2\/pages\/32512"}],"wp:attachment":[{"href":"https:\/\/job.oneplacement.com\/de\/wp-json\/wp\/v2\/media?parent=32518"}],"curies":[{"name":"wp","href":"https:\/\/api.w.org\/{rel}","templated":true}]}}