{"id":32527,"date":"2018-02-06T09:52:42","date_gmt":"2018-02-06T08:52:42","guid":{"rendered":"https:\/\/job.oneplacement.com\/ich-bin-ein-bewerberin\/mission-de-consultants\/"},"modified":"2022-04-11T09:47:44","modified_gmt":"2022-04-11T07:47:44","slug":"beratungstatigkeit","status":"publish","type":"page","link":"https:\/\/job.oneplacement.com\/de\/ich-bin-ein-bewerberin\/beratungstatigkeit\/","title":{"rendered":"Beratungst\u00e4tigkeit (Bewerber\/-innen)"},"content":{"rendered":"<p>Sie haben Erfahrung in einem bestimmten T\u00e4tigkeitsbereich und m\u00f6chten Ihr Wissen und Ihre Expertise weitergeben?<\/p>\n<p>One Placement unterst\u00fctzt Sie bei der Suche nach interessanten Projekten, bei denen Sie Ihren Mehrwert einbringen k\u00f6nnen und die Ihre berufliche Weiterentwicklung stimulieren.<\/p>\n<p>Mit der T\u00e4tigkeit als spezialisierter Berater k\u00f6nnen die Risiken der Selbstst\u00e4ndigkeit reduziert werden &#8211; gleichzeitig unterliegt sie nicht der mangelnden Flexibilit\u00e4t eines gew\u00f6hnlichen Angestelltenstatus.<\/p>\n<h4>Beratert\u00e4tigkeiten finden<\/h4>\n<p>&nbsp;<\/p>\n<div class=\"search-block\">\n    <div class=\"search-form-content-wrapper\">\n        <div class=\"form-block\">\n            <p>0<\/p>\n                <div class=\"form_input_block\">\n                    <div class=\"input-block\">\n                        <div class=\"input-box\">\n                            <input autocomplete=\"off\" type=\"text\" id=\"keyword_search\" value='' name=\"keyword\" placeholder=\"Schl\u00fcsselwort (Beruf, Kompetenz, ...)\">\n                        <\/div>\n                        <div class=\"search-autocomplete-result\" id=\"search-autocomplete-result\">\n                            <div class=\"search-loader\" style=\"display: none;\">\n                                <img decoding=\"async\" src=\"https:\/\/job.oneplacement.com\/wp-content\/themes\/one\/images\/loader.gif\">\n                            <\/div>\n                            <div id=\"search-result\" class=\"autocomplete-result\" style=\"display: none;\">\n                            <\/div>\n                        <\/div>\n                    <\/div>\n                    <div class=\"input-block\">\n                        <div class=\"input-box\">\n                            <select id=\"region_selectbox\" class=\"selectbox\" name=\"region\">\t\n                                <option value=\"0\">Region<\/option>\n                                                                    <option  value=\"390\">Basel<\/option>\n                                                                    <option  value=\"391\">Genf<\/option>\n                                                                    <option  value=\"392\">Waadt<\/option>\n                                                            <\/select>\n                        <\/div>\n                    <\/div>\n                    <div class=\"input-block submit-block\">\n\t\t\t\t\t\t<input type=\"hidden\" name=\"current_language\" id=\"current_language\" value=\"de\">\n                        <input type=\"hidden\" name=\"search_result_page_url\" id=\"search_result_page_url\" value=\"https:\/\/job.oneplacement.com\/offres-demploi\/trouver-un-emploi\/\">\n                        <button type=\"submit\" id=\"searchformsubmit\" class=\"btn-default light\">Suche<\/button>\n                        \n                    <\/div>\n                <\/div>\n                <div class=\"form_input_block\">\n                    <div class=\"input-block hidden_input_block\">\n                        <div class=\"input-box\">\n                            <select id=\"search_category\" class=\"selectbox\" name=\"secteur\">\n                                <option value=\"0\">Bereich<\/option>\t\t\n                                                                    <option  value=\"394\">Bauwesen<\/option>\n                                                                    <option  value=\"408\">Dienstleistungssektor<\/option>\n                                                                    <option  value=\"396\">Gastgewerbe<\/option>\n                                                                    <option  value=\"398\">Industrie<\/option>\n                                                                    <option  value=\"400\">Intern<\/option>\n                                                                    <option  value=\"402\">Logistik<\/option>\n                                                                    <option  value=\"404\">Medizin<\/option>\n                                                                    <option  value=\"406\">Technik<\/option>\n                                                            <\/select>\n                        <\/div>\n                    <\/div>\n                    <div class=\"input-block hidden_input_block\">\n                        <div class=\"input-box\">\n                            <select id=\"search_type\" class=\"selectbox\" name=\"type\">\t\n                                <option value=\"0\">Typ<\/option>\n                                                                    <option selected value=\"329\">Beratungsmission<\/option>\n                                                                    <option  value=\"246\">Executiv<\/option>\n                                                                    <option  value=\"170\">Festanstellung<\/option>\n                                                                    <option  value=\"248\">One Placement<\/option>\n                                                                    <option  value=\"137\">Tempor\u00e4r<\/option>\n                                                            <\/select>\n                        <\/div>\n                    <\/div>\n                    <div class=\"input-block\">\n                        <a href=\"javascript:void(0);\" class=\"btn_text\">Erweiterte Suche<\/a>\n                        <input type=\"hidden\" name=\"simple_search_text\" id=\"simple_search_text\" value=\"Einfache Suche\">\n                        <input type=\"hidden\" name=\"adv_search_text\" id=\"adv_search_text\" value=\"Erweiterte Suche\">\n                    <\/div>\n\n                <\/div>\n                <div class=\"search_btns_block\">\n                                            <a href=\"\/spontane-bewerbung\" class=\"btn-default search_btn\">Spontane Bewerbung<\/a>\n                                    <\/div>\n        <\/div>\n    <\/div>\n<\/div>\n<div class=\"search_results_section\" id=\"job_search_result_list\">\n\n","protected":false},"excerpt":{"rendered":"<p>Sie haben Erfahrung in einem bestimmten T\u00e4tigkeitsbereich und m\u00f6chten Ihr Wissen und Ihre Expertise weitergeben? One Placement unterst\u00fctzt Sie bei der Suche nach interessanten Projekten, bei denen Sie Ihren Mehrwert einbringen k\u00f6nnen und die Ihre berufliche Weiterentwicklung stimulieren. Mit der T\u00e4tigkeit als spezialisierter Berater k\u00f6nnen die Risiken der Selbstst\u00e4ndigkeit reduziert werden &#8211; gleichzeitig unterliegt sie [&hellip;]<\/p>\n","protected":false},"author":1,"featured_media":0,"parent":32512,"menu_order":0,"comment_status":"closed","ping_status":"closed","template":"page-center.php","meta":{"_acf_changed":false,"footnotes":""},"class_list":["post-32527","page","type-page","status-publish","hentry"],"acf":[],"aioseo_notices":[],"_links":{"self":[{"href":"https:\/\/job.oneplacement.com\/de\/wp-json\/wp\/v2\/pages\/32527"}],"collection":[{"href":"https:\/\/job.oneplacement.com\/de\/wp-json\/wp\/v2\/pages"}],"about":[{"href":"https:\/\/job.oneplacement.com\/de\/wp-json\/wp\/v2\/types\/page"}],"author":[{"embeddable":true,"href":"https:\/\/job.oneplacement.com\/de\/wp-json\/wp\/v2\/users\/1"}],"replies":[{"embeddable":true,"href":"https:\/\/job.oneplacement.com\/de\/wp-json\/wp\/v2\/comments?post=32527"}],"version-history":[{"count":4,"href":"https:\/\/job.oneplacement.com\/de\/wp-json\/wp\/v2\/pages\/32527\/revisions"}],"predecessor-version":[{"id":117320,"href":"https:\/\/job.oneplacement.com\/de\/wp-json\/wp\/v2\/pages\/32527\/revisions\/117320"}],"up":[{"embeddable":true,"href":"https:\/\/job.oneplacement.com\/de\/wp-json\/wp\/v2\/pages\/32512"}],"wp:attachment":[{"href":"https:\/\/job.oneplacement.com\/de\/wp-json\/wp\/v2\/media?parent=32527"}],"curies":[{"name":"wp","href":"https:\/\/api.w.org\/{rel}","templated":true}]}}