{"id":32531,"date":"2018-02-05T11:25:28","date_gmt":"2018-02-05T10:25:28","guid":{"rendered":"https:\/\/job.oneplacement.com\/je-suis-une-entreprise\/"},"modified":"2019-10-08T17:46:02","modified_gmt":"2019-10-08T15:46:02","slug":"ich-bin-ein-unternehmen","status":"publish","type":"page","link":"https:\/\/job.oneplacement.com\/de\/ich-bin-ein-unternehmen\/","title":{"rendered":"Ich bin ein Unternehmen"},"content":{"rendered":"<p>Sie suchen nach neuen Mitarbeitern, F\u00fchrungskr\u00e4ften, Nachfolgern oder spezialisierten Experten?<\/p>\n<p>Wir verf\u00fcgen \u00fcber ein umfangreiches Netzwerk mit ausgew\u00e4hlten Bewerbern. Mit unseren L\u00f6sungen zur Personalbeschaffung finden Sie die ben\u00f6tigten tempor\u00e4ren oder unbefristeten Arbeitskr\u00e4fte.<\/p>\n<p>Unsere massgeschneiderten Dienstleistungen garantieren einen qualitativ hochwertigen Service, der Ihren Erwartungen entspricht. Als pers\u00f6nlicher Ansprechpartner gehen wir auf Ihre individuellen Bed\u00fcrfnisse ein.<\/p>\n<p><span class=\"blue-button\"><a href=\"https:\/\/job.oneplacement.com\/de\/ich-bin-ein-unternehmen\/unsere-services\/\">Sehen Sie sich unsere Services an<\/a><\/span><\/p>\n<p><span class=\"bluemid-button\"><a href=\"https:\/\/job.oneplacement.com\/de\/ich-bin-ein-unternehmen\/eine-anfrage-senden\/\">Senden Sie uns eine Anfrage <\/a><\/span><\/p>\n","protected":false},"excerpt":{"rendered":"<p>Sie suchen nach neuen Mitarbeitern, F\u00fchrungskr\u00e4ften, Nachfolgern oder spezialisierten Experten? Wir verf\u00fcgen \u00fcber ein umfangreiches Netzwerk mit ausgew\u00e4hlten Bewerbern. Mit unseren L\u00f6sungen zur Personalbeschaffung finden Sie die ben\u00f6tigten tempor\u00e4ren oder unbefristeten Arbeitskr\u00e4fte. Unsere massgeschneiderten Dienstleistungen garantieren einen qualitativ hochwertigen Service, der Ihren Erwartungen entspricht. Als pers\u00f6nlicher Ansprechpartner gehen wir auf Ihre individuellen Bed\u00fcrfnisse ein. Sehen [&hellip;]<\/p>\n","protected":false},"author":1,"featured_media":0,"parent":0,"menu_order":0,"comment_status":"closed","ping_status":"closed","template":"","meta":{"_acf_changed":false,"footnotes":""},"class_list":["post-32531","page","type-page","status-publish","hentry"],"acf":[],"aioseo_notices":[],"_links":{"self":[{"href":"https:\/\/job.oneplacement.com\/de\/wp-json\/wp\/v2\/pages\/32531"}],"collection":[{"href":"https:\/\/job.oneplacement.com\/de\/wp-json\/wp\/v2\/pages"}],"about":[{"href":"https:\/\/job.oneplacement.com\/de\/wp-json\/wp\/v2\/types\/page"}],"author":[{"embeddable":true,"href":"https:\/\/job.oneplacement.com\/de\/wp-json\/wp\/v2\/users\/1"}],"replies":[{"embeddable":true,"href":"https:\/\/job.oneplacement.com\/de\/wp-json\/wp\/v2\/comments?post=32531"}],"version-history":[{"count":2,"href":"https:\/\/job.oneplacement.com\/de\/wp-json\/wp\/v2\/pages\/32531\/revisions"}],"predecessor-version":[{"id":32534,"href":"https:\/\/job.oneplacement.com\/de\/wp-json\/wp\/v2\/pages\/32531\/revisions\/32534"}],"wp:attachment":[{"href":"https:\/\/job.oneplacement.com\/de\/wp-json\/wp\/v2\/media?parent=32531"}],"curies":[{"name":"wp","href":"https:\/\/api.w.org\/{rel}","templated":true}]}}