{"id":32535,"date":"2018-02-06T16:22:04","date_gmt":"2018-02-06T15:22:04","guid":{"rendered":"https:\/\/job.oneplacement.com\/ich-bin-ein-unternehmen\/nos-services\/"},"modified":"2019-11-15T15:04:37","modified_gmt":"2019-11-15T14:04:37","slug":"unsere-dienstleistungen","status":"publish","type":"page","link":"https:\/\/job.oneplacement.com\/de\/ich-bin-ein-unternehmen\/unsere-dienstleistungen\/","title":{"rendered":"Unsere Dienstleistungen"},"content":{"rendered":"<p>Sie sind auf der Suche nach der idealen Person, um eine Stelle tempor\u00e4r oder dauerhaft zu besetzen? Egal, ob Sie einen Mitarbeiter oder eine F\u00fchrungskraft suchen: wir bieten Personall\u00f6sungen, die an Ihre Bed\u00fcrfnisse angepasst sind.<\/p>\n<h2>Entdecken Sie unsere Dienstleistungen:<\/h2>\n","protected":false},"excerpt":{"rendered":"<p>Sie sind auf der Suche nach der idealen Person, um eine Stelle tempor\u00e4r oder dauerhaft zu besetzen? Egal, ob Sie einen Mitarbeiter oder eine F\u00fchrungskraft suchen: wir bieten Personall\u00f6sungen, die an Ihre Bed\u00fcrfnisse angepasst sind. Entdecken Sie unsere Dienstleistungen:<\/p>\n","protected":false},"author":1,"featured_media":0,"parent":32531,"menu_order":0,"comment_status":"closed","ping_status":"closed","template":"","meta":{"_acf_changed":false,"footnotes":""},"class_list":["post-32535","page","type-page","status-publish","hentry"],"acf":[],"aioseo_notices":[],"_links":{"self":[{"href":"https:\/\/job.oneplacement.com\/de\/wp-json\/wp\/v2\/pages\/32535"}],"collection":[{"href":"https:\/\/job.oneplacement.com\/de\/wp-json\/wp\/v2\/pages"}],"about":[{"href":"https:\/\/job.oneplacement.com\/de\/wp-json\/wp\/v2\/types\/page"}],"author":[{"embeddable":true,"href":"https:\/\/job.oneplacement.com\/de\/wp-json\/wp\/v2\/users\/1"}],"replies":[{"embeddable":true,"href":"https:\/\/job.oneplacement.com\/de\/wp-json\/wp\/v2\/comments?post=32535"}],"version-history":[{"count":6,"href":"https:\/\/job.oneplacement.com\/de\/wp-json\/wp\/v2\/pages\/32535\/revisions"}],"predecessor-version":[{"id":36662,"href":"https:\/\/job.oneplacement.com\/de\/wp-json\/wp\/v2\/pages\/32535\/revisions\/36662"}],"up":[{"embeddable":true,"href":"https:\/\/job.oneplacement.com\/de\/wp-json\/wp\/v2\/pages\/32531"}],"wp:attachment":[{"href":"https:\/\/job.oneplacement.com\/de\/wp-json\/wp\/v2\/media?parent=32535"}],"curies":[{"name":"wp","href":"https:\/\/api.w.org\/{rel}","templated":true}]}}