{"id":32543,"date":"2018-02-22T14:31:41","date_gmt":"2018-02-22T13:31:41","guid":{"rendered":"https:\/\/job.oneplacement.com\/ich-bin-ein-unternehmen\/unsere-services\/temporaire-entreprises\/"},"modified":"2019-10-08T18:55:15","modified_gmt":"2019-10-08T16:55:15","slug":"temporar-unternehmen","status":"publish","type":"page","link":"https:\/\/job.oneplacement.com\/de\/ich-bin-ein-unternehmen\/unsere-dienstleistungen\/temporar-unternehmen\/","title":{"rendered":"Tempor\u00e4r (Unternehmen)"},"content":{"rendered":"<p>One Placement hilft Ihnen bei der Suche nach geeigneten Mitarbeitern f\u00fcr zeitlich befristete Arbeitsauftr\u00e4ge.<\/p>\n<h2>Situationen<\/h2>\n<ul>\n<li>Dringender Ersatzbedarf<\/li>\n<li>Engp\u00e4sse oder Produktionsspitzen in einem bestimmten Zeitraum<\/li>\n<li>Saisonale Aktivit\u00e4ten<\/li>\n<li>Inventarisierungen<\/li>\n<li>Ersatz f\u00fcr eigenes Personal bei Krankheit<\/li>\n<li>Ersatz f\u00fcr eigenes Personal bei Schwangerschaft<\/li>\n<\/ul>\n<h2>Ihre Vorteile<\/h2>\n<ul>\n<li>Mehr Flexibilit\u00e4t<\/li>\n<li>Kein administrativer Aufwand<\/li>\n<li>Reagieren Sie zeitnah auf ver\u00e4nderte Situationen<\/li>\n<li>Verwaltung der Lohnsummen<\/li>\n<li>Individuelle Fakturierung<\/li>\n<\/ul>\n<p><a href=\"https:\/\/job.oneplacement.com\/de\/ich-bin-ein-unternehmen\/eine-anfrage-senden\/\"><span class=\"blue-button\">Senden Sie uns eine Anfrage! (Anfrageformular\/E-Mail-Adresse)<\/span><\/a><\/p>\n","protected":false},"excerpt":{"rendered":"<p>One Placement hilft Ihnen bei der Suche nach geeigneten Mitarbeitern f\u00fcr zeitlich befristete Arbeitsauftr\u00e4ge. Situationen Dringender Ersatzbedarf Engp\u00e4sse oder Produktionsspitzen in einem bestimmten Zeitraum Saisonale Aktivit\u00e4ten Inventarisierungen Ersatz f\u00fcr eigenes Personal bei Krankheit Ersatz f\u00fcr eigenes Personal bei Schwangerschaft Ihre Vorteile Mehr Flexibilit\u00e4t Kein administrativer Aufwand Reagieren Sie zeitnah auf ver\u00e4nderte Situationen Verwaltung der Lohnsummen [&hellip;]<\/p>\n","protected":false},"author":1,"featured_media":0,"parent":32535,"menu_order":-1,"comment_status":"closed","ping_status":"closed","template":"","meta":{"_acf_changed":false,"footnotes":""},"class_list":["post-32543","page","type-page","status-publish","hentry"],"acf":[],"aioseo_notices":[],"_links":{"self":[{"href":"https:\/\/job.oneplacement.com\/de\/wp-json\/wp\/v2\/pages\/32543"}],"collection":[{"href":"https:\/\/job.oneplacement.com\/de\/wp-json\/wp\/v2\/pages"}],"about":[{"href":"https:\/\/job.oneplacement.com\/de\/wp-json\/wp\/v2\/types\/page"}],"author":[{"embeddable":true,"href":"https:\/\/job.oneplacement.com\/de\/wp-json\/wp\/v2\/users\/1"}],"replies":[{"embeddable":true,"href":"https:\/\/job.oneplacement.com\/de\/wp-json\/wp\/v2\/comments?post=32543"}],"version-history":[{"count":1,"href":"https:\/\/job.oneplacement.com\/de\/wp-json\/wp\/v2\/pages\/32543\/revisions"}],"predecessor-version":[{"id":32546,"href":"https:\/\/job.oneplacement.com\/de\/wp-json\/wp\/v2\/pages\/32543\/revisions\/32546"}],"up":[{"embeddable":true,"href":"https:\/\/job.oneplacement.com\/de\/wp-json\/wp\/v2\/pages\/32535"}],"wp:attachment":[{"href":"https:\/\/job.oneplacement.com\/de\/wp-json\/wp\/v2\/media?parent=32543"}],"curies":[{"name":"wp","href":"https:\/\/api.w.org\/{rel}","templated":true}]}}