{"id":32581,"date":"2018-02-22T14:41:21","date_gmt":"2018-02-22T13:41:21","guid":{"rendered":"https:\/\/job.oneplacement.com\/ich-bin-ein-unternehmen\/unsere-services\/placement-fixe\/"},"modified":"2019-10-14T16:15:19","modified_gmt":"2019-10-14T14:15:19","slug":"festanstellung-unternehmen","status":"publish","type":"page","link":"https:\/\/job.oneplacement.com\/de\/ich-bin-ein-unternehmen\/unsere-dienstleistungen\/festanstellung-unternehmen\/","title":{"rendered":"Festanstellung (Unternehmen)"},"content":{"rendered":"<p>One Placement w\u00e4hlt die besten Profile f\u00fcr Sie aus und unterst\u00fctzt Sie anschliessend im Einstellungsverfahren. <\/p>\n<h2>Situationen<\/h2>\n<ul>\n<li>Schaffung einer neuen Stelle<\/li>\n<li>Vertretung<\/li>\n<\/ul>\n<p><a href=\"https:\/\/job.oneplacement.com\/de\/ich-bin-ein-unternehmen\/eine-anfrage-senden\/\"><span class=\"blue-button\">Senden Sie uns eine Anfrage! \u00a0!<\/span><\/a><\/p>\n","protected":false},"excerpt":{"rendered":"<p>One Placement w\u00e4hlt die besten Profile f\u00fcr Sie aus und unterst\u00fctzt Sie anschliessend im Einstellungsverfahren. Situationen Schaffung einer neuen Stelle Vertretung Senden Sie uns eine Anfrage! \u00a0!<\/p>\n","protected":false},"author":1,"featured_media":0,"parent":32535,"menu_order":1,"comment_status":"closed","ping_status":"closed","template":"","meta":{"_acf_changed":false,"footnotes":""},"class_list":["post-32581","page","type-page","status-publish","hentry"],"acf":[],"aioseo_notices":[],"_links":{"self":[{"href":"https:\/\/job.oneplacement.com\/de\/wp-json\/wp\/v2\/pages\/32581"}],"collection":[{"href":"https:\/\/job.oneplacement.com\/de\/wp-json\/wp\/v2\/pages"}],"about":[{"href":"https:\/\/job.oneplacement.com\/de\/wp-json\/wp\/v2\/types\/page"}],"author":[{"embeddable":true,"href":"https:\/\/job.oneplacement.com\/de\/wp-json\/wp\/v2\/users\/1"}],"replies":[{"embeddable":true,"href":"https:\/\/job.oneplacement.com\/de\/wp-json\/wp\/v2\/comments?post=32581"}],"version-history":[{"count":2,"href":"https:\/\/job.oneplacement.com\/de\/wp-json\/wp\/v2\/pages\/32581\/revisions"}],"predecessor-version":[{"id":33156,"href":"https:\/\/job.oneplacement.com\/de\/wp-json\/wp\/v2\/pages\/32581\/revisions\/33156"}],"up":[{"embeddable":true,"href":"https:\/\/job.oneplacement.com\/de\/wp-json\/wp\/v2\/pages\/32535"}],"wp:attachment":[{"href":"https:\/\/job.oneplacement.com\/de\/wp-json\/wp\/v2\/media?parent=32581"}],"curies":[{"name":"wp","href":"https:\/\/api.w.org\/{rel}","templated":true}]}}