{"id":32583,"date":"2018-02-22T14:43:01","date_gmt":"2018-02-22T13:43:01","guid":{"rendered":"https:\/\/job.oneplacement.com\/ich-bin-ein-unternehmen\/unsere-services\/executive-entreprises\/"},"modified":"2019-10-09T09:44:04","modified_gmt":"2019-10-09T07:44:04","slug":"fuhrungskraft-unternehmen","status":"publish","type":"page","link":"https:\/\/job.oneplacement.com\/de\/ich-bin-ein-unternehmen\/unsere-dienstleistungen\/fuhrungskraft-unternehmen\/","title":{"rendered":"F\u00fchrungskraft (Unternehmen)"},"content":{"rendered":"<p>Die Suche nach den ben\u00f6tigten Managern und F\u00fchrungskr\u00e4ften nimmt Zeit und Ressourcen in Anspruch. Es handelt sich um einen langwierigeren Prozess, in dem die Kandidaten einer gr\u00fcndlichen Bewertung unterzogen werden m\u00fcssen. One Placement unterst\u00fctzt Sie bei dieser Aufgabe und stellt Ihnen die geeignetsten Bewerber\/-innen vor. <\/p>\n<h2>Situationen <\/h2>\n<ul>\n<li>Suche nach Nachfolgern<\/li>\n<li>Management w\u00e4hrend einer \u00dcbergangsphase<\/li>\n<\/ul>\n<p><b>Profile:\u00a0<\/b>F\u00fchrungskr\u00e4fte, Kader und Senior Manager (mittleres und oberes Management), Manager, Projektleiter, Gesch\u00e4ftsf\u00fchrer, Direktoren, Leiter, Abteilungsleiter, Verwaltungsratsmitglieder usw.<\/p>\n<h2>Ihre Vorteile<\/h2>\n<ul>\n<li>Ein Partner, der sich Zeit nimmt und Ihnen zuh\u00f6rt<\/li>\n<li>Ein Netzwerk mit hochqualifizierten Kandidaten<\/li>\n<li>Direktansprache von Kandidaten und anzeigengest\u00fctzte Personalsuche<\/li>\n<li>Sorgf\u00e4ltige Auswahl der Kandidaten<\/li>\n<li>Absolute Diskretion und Vertraulichkeit<\/li>\n<li>Unterst\u00fctzung von A bis Z<\/li>\n<\/ul>\n<p><a href=\"https:\/\/job.oneplacement.com\/de\/ich-bin-ein-unternehmen\/eine-anfrage-senden\/\"><span class=\"blue-button\">Senden Sie uns eine Anfrage!<\/span><\/a><\/p>\n","protected":false},"excerpt":{"rendered":"<p>Die Suche nach den ben\u00f6tigten Managern und F\u00fchrungskr\u00e4ften nimmt Zeit und Ressourcen in Anspruch. Es handelt sich um einen langwierigeren Prozess, in dem die Kandidaten einer gr\u00fcndlichen Bewertung unterzogen werden m\u00fcssen. One Placement unterst\u00fctzt Sie bei dieser Aufgabe und stellt Ihnen die geeignetsten Bewerber\/-innen vor. Situationen Suche nach Nachfolgern Management w\u00e4hrend einer \u00dcbergangsphase Profile:\u00a0F\u00fchrungskr\u00e4fte, Kader [&hellip;]<\/p>\n","protected":false},"author":1,"featured_media":0,"parent":32535,"menu_order":2,"comment_status":"closed","ping_status":"closed","template":"","meta":{"_acf_changed":false,"footnotes":""},"class_list":["post-32583","page","type-page","status-publish","hentry"],"acf":[],"aioseo_notices":[],"_links":{"self":[{"href":"https:\/\/job.oneplacement.com\/de\/wp-json\/wp\/v2\/pages\/32583"}],"collection":[{"href":"https:\/\/job.oneplacement.com\/de\/wp-json\/wp\/v2\/pages"}],"about":[{"href":"https:\/\/job.oneplacement.com\/de\/wp-json\/wp\/v2\/types\/page"}],"author":[{"embeddable":true,"href":"https:\/\/job.oneplacement.com\/de\/wp-json\/wp\/v2\/users\/1"}],"replies":[{"embeddable":true,"href":"https:\/\/job.oneplacement.com\/de\/wp-json\/wp\/v2\/comments?post=32583"}],"version-history":[{"count":2,"href":"https:\/\/job.oneplacement.com\/de\/wp-json\/wp\/v2\/pages\/32583\/revisions"}],"predecessor-version":[{"id":32588,"href":"https:\/\/job.oneplacement.com\/de\/wp-json\/wp\/v2\/pages\/32583\/revisions\/32588"}],"up":[{"embeddable":true,"href":"https:\/\/job.oneplacement.com\/de\/wp-json\/wp\/v2\/pages\/32535"}],"wp:attachment":[{"href":"https:\/\/job.oneplacement.com\/de\/wp-json\/wp\/v2\/media?parent=32583"}],"curies":[{"name":"wp","href":"https:\/\/api.w.org\/{rel}","templated":true}]}}