{"id":32589,"date":"2018-02-22T15:00:20","date_gmt":"2018-02-22T14:00:20","guid":{"rendered":"https:\/\/job.oneplacement.com\/ich-bin-ein-unternehmen\/unsere-services\/mission-de-consultant\/"},"modified":"2019-10-09T10:08:32","modified_gmt":"2019-10-09T08:08:32","slug":"beratungsmission","status":"publish","type":"page","link":"https:\/\/job.oneplacement.com\/de\/ich-bin-ein-unternehmen\/unsere-dienstleistungen\/beratungsmission\/","title":{"rendered":"Beratungsmission"},"content":{"rendered":"<p>Haben Sie ein Projekt und sind auf der Suche nach einer bestimmten Expertise? Sie haben Fragen zu bestimmten Aspekten, ben\u00f6tigen eine objektive Sichtweise oder m\u00f6chten die Kompetenzen Ihres Teams erg\u00e4nzen?<\/p>\n<p>Wir finden f\u00fcr Sie die geeigneten Experten, die \u00fcber Fachwissen in ihrem spezifischen T\u00e4tigkeitsbereich verf\u00fcgen und je nach Bedarf tempor\u00e4r in Ihr Projekt eingebunden werden k\u00f6nnen. <\/p>\n<p><strong>Profile:<\/strong> Consultants, Berater, Experten<\/p>\n<p><strong>Bereiche\/Branchen:<\/strong> IT, Management, Medizin, Ingenieurwesen, Audit, Bauwesen usw.<\/p>\n<h2>Ihre Vorteile <\/h2>\n<ul>\n<li>Flexibilit\u00e4t <\/li>\n<li>Keine langfristige Verpflichtung<\/li>\n<li>An die Projektanforderungen angepasst<\/li>\n<li>Kein administrativer Aufwand<\/li>\n<li>Zeiteinsparung <\/li>\n<\/ul>\n<p><a href=\"https:\/\/job.oneplacement.com\/de\/ich-bin-ein-unternehmen\/eine-anfrage-senden\/\"><span class=\"blue-button\">Senden Sie uns eine Anfrage!<\/span><\/a><\/p>\n","protected":false},"excerpt":{"rendered":"<p>Haben Sie ein Projekt und sind auf der Suche nach einer bestimmten Expertise? Sie haben Fragen zu bestimmten Aspekten, ben\u00f6tigen eine objektive Sichtweise oder m\u00f6chten die Kompetenzen Ihres Teams erg\u00e4nzen? Wir finden f\u00fcr Sie die geeigneten Experten, die \u00fcber Fachwissen in ihrem spezifischen T\u00e4tigkeitsbereich verf\u00fcgen und je nach Bedarf tempor\u00e4r in Ihr Projekt eingebunden werden [&hellip;]<\/p>\n","protected":false},"author":1,"featured_media":0,"parent":32535,"menu_order":0,"comment_status":"closed","ping_status":"closed","template":"","meta":{"_acf_changed":false,"footnotes":""},"class_list":["post-32589","page","type-page","status-publish","hentry"],"acf":[],"aioseo_notices":[],"_links":{"self":[{"href":"https:\/\/job.oneplacement.com\/de\/wp-json\/wp\/v2\/pages\/32589"}],"collection":[{"href":"https:\/\/job.oneplacement.com\/de\/wp-json\/wp\/v2\/pages"}],"about":[{"href":"https:\/\/job.oneplacement.com\/de\/wp-json\/wp\/v2\/types\/page"}],"author":[{"embeddable":true,"href":"https:\/\/job.oneplacement.com\/de\/wp-json\/wp\/v2\/users\/1"}],"replies":[{"embeddable":true,"href":"https:\/\/job.oneplacement.com\/de\/wp-json\/wp\/v2\/comments?post=32589"}],"version-history":[{"count":2,"href":"https:\/\/job.oneplacement.com\/de\/wp-json\/wp\/v2\/pages\/32589\/revisions"}],"predecessor-version":[{"id":32598,"href":"https:\/\/job.oneplacement.com\/de\/wp-json\/wp\/v2\/pages\/32589\/revisions\/32598"}],"up":[{"embeddable":true,"href":"https:\/\/job.oneplacement.com\/de\/wp-json\/wp\/v2\/pages\/32535"}],"wp:attachment":[{"href":"https:\/\/job.oneplacement.com\/de\/wp-json\/wp\/v2\/media?parent=32589"}],"curies":[{"name":"wp","href":"https:\/\/api.w.org\/{rel}","templated":true}]}}