{"id":32593,"date":"2018-02-22T14:59:30","date_gmt":"2018-02-22T13:59:30","guid":{"rendered":"https:\/\/job.oneplacement.com\/ich-bin-ein-unternehmen\/unsere-services\/try-hire\/"},"modified":"2019-10-09T10:04:14","modified_gmt":"2019-10-09T08:04:14","slug":"try-hire","status":"publish","type":"page","link":"https:\/\/job.oneplacement.com\/de\/ich-bin-ein-unternehmen\/unsere-dienstleistungen\/try-hire\/","title":{"rendered":"Try &#038; Hire"},"content":{"rendered":"<p>Bei der Einstellung eines neuen Mitarbeiters stellt man sich h\u00e4ufig die Frage, ob die Zusammenarbeit auch langfristig zum Erfolg f\u00fchren kann. <\/p>\n<p>Mit unserer Dienstleistung \u00abTry &#038; Hire\u00bb haben Sie die n\u00f6tige Zeit, um die Motivation und F\u00e4higkeiten des Mitarbeiters im Rahmen einer tempor\u00e4ren Anstellung ausgiebig kennenzulernen, ohne den Einschr\u00e4nkungen einer gew\u00f6hnlichen Probezeit zu unterliegen (K\u00fcndigungsfristen, Verwaltungskosten usw.). Nach Ablauf der tempor\u00e4ren Anstellung k\u00f6nnen Sie entscheiden, ob Sie ihn einstellen m\u00f6chten. <\/p>\n<h2>Ihre Vorteile<\/h2>\n<ul>\n<li>Risikofreies Kennenlernen des zuk\u00fcnftigen Mitarbeiters<\/li>\n<li>Beendigung des Arbeitsverh\u00e4ltnisses ohne zus\u00e4tzliche Kosten<\/li>\n<li>Einfaches Einstellen des Mitarbeiters<\/li>\n<li>Zeiteinsparung<\/li>\n<li>Reduzierung des administrativen Aufwands<\/li>\n<\/ul>\n<p><a href=\"https:\/\/job.oneplacement.com\/de\/ich-bin-ein-unternehmen\/eine-anfrage-senden\/\"><span class=\"blue-button\">Senden Sie uns eine Anfrage!<\/span><\/a><\/p>\n","protected":false},"excerpt":{"rendered":"<p>Bei der Einstellung eines neuen Mitarbeiters stellt man sich h\u00e4ufig die Frage, ob die Zusammenarbeit auch langfristig zum Erfolg f\u00fchren kann. Mit unserer Dienstleistung \u00abTry &#038; Hire\u00bb haben Sie die n\u00f6tige Zeit, um die Motivation und F\u00e4higkeiten des Mitarbeiters im Rahmen einer tempor\u00e4ren Anstellung ausgiebig kennenzulernen, ohne den Einschr\u00e4nkungen einer gew\u00f6hnlichen Probezeit zu unterliegen (K\u00fcndigungsfristen, [&hellip;]<\/p>\n","protected":false},"author":1,"featured_media":0,"parent":32535,"menu_order":0,"comment_status":"closed","ping_status":"closed","template":"","meta":{"_acf_changed":false,"footnotes":""},"class_list":["post-32593","page","type-page","status-publish","hentry"],"acf":[],"aioseo_notices":[],"_links":{"self":[{"href":"https:\/\/job.oneplacement.com\/de\/wp-json\/wp\/v2\/pages\/32593"}],"collection":[{"href":"https:\/\/job.oneplacement.com\/de\/wp-json\/wp\/v2\/pages"}],"about":[{"href":"https:\/\/job.oneplacement.com\/de\/wp-json\/wp\/v2\/types\/page"}],"author":[{"embeddable":true,"href":"https:\/\/job.oneplacement.com\/de\/wp-json\/wp\/v2\/users\/1"}],"replies":[{"embeddable":true,"href":"https:\/\/job.oneplacement.com\/de\/wp-json\/wp\/v2\/comments?post=32593"}],"version-history":[{"count":2,"href":"https:\/\/job.oneplacement.com\/de\/wp-json\/wp\/v2\/pages\/32593\/revisions"}],"predecessor-version":[{"id":32597,"href":"https:\/\/job.oneplacement.com\/de\/wp-json\/wp\/v2\/pages\/32593\/revisions\/32597"}],"up":[{"embeddable":true,"href":"https:\/\/job.oneplacement.com\/de\/wp-json\/wp\/v2\/pages\/32535"}],"wp:attachment":[{"href":"https:\/\/job.oneplacement.com\/de\/wp-json\/wp\/v2\/media?parent=32593"}],"curies":[{"name":"wp","href":"https:\/\/api.w.org\/{rel}","templated":true}]}}