{"id":32835,"date":"2019-10-11T13:40:28","date_gmt":"2019-10-11T11:40:28","guid":{"rendered":"https:\/\/job.oneplacement.com\/heimat\/"},"modified":"2020-02-17T09:24:13","modified_gmt":"2020-02-17T08:24:13","slug":"heimat","status":"publish","type":"page","link":"https:\/\/job.oneplacement.com\/de\/","title":{"rendered":"Startseite"},"content":{"rendered":"<h2>Unternehmen<\/h2>\n<p>Sie suchen neue Mitarbeiter, F\u00fchrungskr\u00e4fte, Nachfolger oder spezifisches Know-how?<\/p>\n<p>Wir bieten Rekrutierungsl\u00f6sungen, die Ihren Bed\u00fcrfnissen gerecht werden, sei es f\u00fcr tempor\u00e4re oder laufende Auftr\u00e4ge.<\/p>\n<p>Unsere ma\u00dfgeschneiderten Dienstleistungen garantieren Ihnen einen qualitativ hochwertigen Service, der Ihren Erwartungen entspricht und eine vollst\u00e4ndig personalisierte Beziehung.<\/p>\n","protected":false},"excerpt":{"rendered":"<p>Unternehmen Sie suchen neue Mitarbeiter, F\u00fchrungskr\u00e4fte, Nachfolger oder spezifisches Know-how? Wir bieten Rekrutierungsl\u00f6sungen, die Ihren Bed\u00fcrfnissen gerecht werden, sei es f\u00fcr tempor\u00e4re oder laufende Auftr\u00e4ge. Unsere ma\u00dfgeschneiderten Dienstleistungen garantieren Ihnen einen qualitativ hochwertigen Service, der Ihren Erwartungen entspricht und eine vollst\u00e4ndig personalisierte Beziehung.<\/p>\n","protected":false},"author":1,"featured_media":0,"parent":0,"menu_order":0,"comment_status":"closed","ping_status":"open","template":"index.php","meta":{"_acf_changed":false,"footnotes":""},"class_list":["post-32835","page","type-page","status-publish","hentry"],"acf":[],"aioseo_notices":[],"_links":{"self":[{"href":"https:\/\/job.oneplacement.com\/de\/wp-json\/wp\/v2\/pages\/32835"}],"collection":[{"href":"https:\/\/job.oneplacement.com\/de\/wp-json\/wp\/v2\/pages"}],"about":[{"href":"https:\/\/job.oneplacement.com\/de\/wp-json\/wp\/v2\/types\/page"}],"author":[{"embeddable":true,"href":"https:\/\/job.oneplacement.com\/de\/wp-json\/wp\/v2\/users\/1"}],"replies":[{"embeddable":true,"href":"https:\/\/job.oneplacement.com\/de\/wp-json\/wp\/v2\/comments?post=32835"}],"version-history":[{"count":15,"href":"https:\/\/job.oneplacement.com\/de\/wp-json\/wp\/v2\/pages\/32835\/revisions"}],"predecessor-version":[{"id":45834,"href":"https:\/\/job.oneplacement.com\/de\/wp-json\/wp\/v2\/pages\/32835\/revisions\/45834"}],"wp:attachment":[{"href":"https:\/\/job.oneplacement.com\/de\/wp-json\/wp\/v2\/media?parent=32835"}],"curies":[{"name":"wp","href":"https:\/\/api.w.org\/{rel}","templated":true}]}}