{"id":33157,"date":"2019-10-14T16:21:21","date_gmt":"2019-10-14T14:21:21","guid":{"rendered":"https:\/\/job.oneplacement.com\/ich-bin-ein-unternehmen\/unsere-services\/lohn-und-gehaltsabrechnung\/"},"modified":"2019-10-14T16:30:25","modified_gmt":"2019-10-14T14:30:25","slug":"payrolling","status":"publish","type":"page","link":"https:\/\/job.oneplacement.com\/de\/ich-bin-ein-unternehmen\/unsere-dienstleistungen\/payrolling\/","title":{"rendered":"Payrolling"},"content":{"rendered":"<p>Die Verwaltung und Gehaltsverwaltung der ausgew\u00e4hlten Kandidaten ist oft umst\u00e4ndlich. Unser Lohn- und Gehaltsabrechnungsservice befreit Sie von diesen Aktivit\u00e4ten. Wir sind verantwortlich f\u00fcr die vollst\u00e4ndige Verwaltung der Geh\u00e4lter und Lohnkosten, Arbeitsgenehmigungformalit\u00e4ten, die Einhaltung von CTCs und andere rechtliche Aspekte.<\/p>\n<h2>Situationen<\/h2>\n<ul>\n<li>Saisonale Aktivit\u00e4ten<\/li>\n<li>Einstellung von Studenten in den Ferien<\/li>\n<li>Commitment Try and Hire<\/li>\n<li>Mangel an Verwaltungsressourcen<\/li>\n<\/ul>\n<h2>Ihre Vorteile<\/h2>\n<ul>\n<li>Zeit- und Ressourcenersparnis<\/li>\n<li>Verringerung des Verwaltungsaufwands<\/li>\n<li>Rechtliche Einhaltung gew\u00e4hrleistet<\/li>\n<li>Flexibilit\u00e4tsgewinn<\/li>\n<\/ul>\n<p><a href=\"https:\/\/job.oneplacement.com\/je-suis-une-entreprise\/envoyer-une-demande\/\"><span class=\"blue-button\">Senden Sie uns Ihre Anfrage!<\/span><\/a><\/p>\n","protected":false},"excerpt":{"rendered":"<p>Die Verwaltung und Gehaltsverwaltung der ausgew\u00e4hlten Kandidaten ist oft umst\u00e4ndlich. Unser Lohn- und Gehaltsabrechnungsservice befreit Sie von diesen Aktivit\u00e4ten. Wir sind verantwortlich f\u00fcr die vollst\u00e4ndige Verwaltung der Geh\u00e4lter und Lohnkosten, Arbeitsgenehmigungformalit\u00e4ten, die Einhaltung von CTCs und andere rechtliche Aspekte. Situationen Saisonale Aktivit\u00e4ten Einstellung von Studenten in den Ferien Commitment Try and Hire Mangel an Verwaltungsressourcen [&hellip;]<\/p>\n","protected":false},"author":1,"featured_media":0,"parent":32535,"menu_order":0,"comment_status":"closed","ping_status":"closed","template":"","meta":{"_acf_changed":false,"footnotes":""},"class_list":["post-33157","page","type-page","status-publish","hentry"],"acf":[],"aioseo_notices":[],"_links":{"self":[{"href":"https:\/\/job.oneplacement.com\/de\/wp-json\/wp\/v2\/pages\/33157"}],"collection":[{"href":"https:\/\/job.oneplacement.com\/de\/wp-json\/wp\/v2\/pages"}],"about":[{"href":"https:\/\/job.oneplacement.com\/de\/wp-json\/wp\/v2\/types\/page"}],"author":[{"embeddable":true,"href":"https:\/\/job.oneplacement.com\/de\/wp-json\/wp\/v2\/users\/1"}],"replies":[{"embeddable":true,"href":"https:\/\/job.oneplacement.com\/de\/wp-json\/wp\/v2\/comments?post=33157"}],"version-history":[{"count":2,"href":"https:\/\/job.oneplacement.com\/de\/wp-json\/wp\/v2\/pages\/33157\/revisions"}],"predecessor-version":[{"id":33161,"href":"https:\/\/job.oneplacement.com\/de\/wp-json\/wp\/v2\/pages\/33157\/revisions\/33161"}],"up":[{"embeddable":true,"href":"https:\/\/job.oneplacement.com\/de\/wp-json\/wp\/v2\/pages\/32535"}],"wp:attachment":[{"href":"https:\/\/job.oneplacement.com\/de\/wp-json\/wp\/v2\/media?parent=33157"}],"curies":[{"name":"wp","href":"https:\/\/api.w.org\/{rel}","templated":true}]}}