{"id":55159,"date":"2020-05-27T15:22:21","date_gmt":"2020-05-27T13:22:21","guid":{"rendered":"https:\/\/job.oneplacement.com\/geloschtes-konto\/"},"modified":"2020-05-27T15:22:21","modified_gmt":"2020-05-27T13:22:21","slug":"geloschtes-konto","status":"publish","type":"page","link":"https:\/\/job.oneplacement.com\/de\/geloschtes-konto\/","title":{"rendered":"Gel\u00f6schtes Konto"},"content":{"rendered":"<h4>Ihr Konto wurde gel\u00f6scht<\/h4>\n<p>&nbsp;<\/p>\n<p><span style=\"display: inline !important; float: none; background-color: #ffffff; color: #333333; cursor: text; font-family: Georgia,'Times New Roman','Bitstream Charter',Times,serif; font-size: 16px; font-style: normal; font-variant: normal; font-weight: 400; letter-spacing: normal; orphans: 2; text-align: left; text-decoration: none; text-indent: 0px; text-transform: none; -webkit-text-stroke-width: 0px; white-space: normal; word-spacing: 0px;\">Wir haben Ihr Konto von der One Placement-Website entfernt. Bitte beachten Sie, dass Ihre Daten aus rechtlichen Gr\u00fcnden in unserer Datenbank gespeichert werden k\u00f6nnen, wenn Sie von One Placement f\u00fcr eine Mission platziert wurden.<\/span><\/p>\n","protected":false},"excerpt":{"rendered":"<p>Ihr Konto wurde gel\u00f6scht &nbsp; Wir haben Ihr Konto von der One Placement-Website entfernt. Bitte beachten Sie, dass Ihre Daten aus rechtlichen Gr\u00fcnden in unserer Datenbank gespeichert werden k\u00f6nnen, wenn Sie von One Placement f\u00fcr eine Mission platziert wurden.<\/p>\n","protected":false},"author":1,"featured_media":0,"parent":0,"menu_order":0,"comment_status":"closed","ping_status":"open","template":"delete_account.php","meta":{"_acf_changed":false,"footnotes":""},"class_list":["post-55159","page","type-page","status-publish","hentry"],"acf":[],"aioseo_notices":[],"_links":{"self":[{"href":"https:\/\/job.oneplacement.com\/de\/wp-json\/wp\/v2\/pages\/55159"}],"collection":[{"href":"https:\/\/job.oneplacement.com\/de\/wp-json\/wp\/v2\/pages"}],"about":[{"href":"https:\/\/job.oneplacement.com\/de\/wp-json\/wp\/v2\/types\/page"}],"author":[{"embeddable":true,"href":"https:\/\/job.oneplacement.com\/de\/wp-json\/wp\/v2\/users\/1"}],"replies":[{"embeddable":true,"href":"https:\/\/job.oneplacement.com\/de\/wp-json\/wp\/v2\/comments?post=55159"}],"version-history":[{"count":0,"href":"https:\/\/job.oneplacement.com\/de\/wp-json\/wp\/v2\/pages\/55159\/revisions"}],"wp:attachment":[{"href":"https:\/\/job.oneplacement.com\/de\/wp-json\/wp\/v2\/media?parent=55159"}],"curies":[{"name":"wp","href":"https:\/\/api.w.org\/{rel}","templated":true}]}}