{"id":569129,"date":"2025-06-19T14:58:08","date_gmt":"2025-06-19T12:58:08","guid":{"rendered":"https:\/\/job.oneplacement.com\/?page_id=569129"},"modified":"2025-07-07T13:53:04","modified_gmt":"2025-07-07T11:53:04","slug":"cookie-richtlinie","status":"publish","type":"page","link":"https:\/\/job.oneplacement.com\/de\/cookie-richtlinie\/","title":{"rendered":"Cookie Richtlinie"},"content":{"rendered":"<p>Inhaltsverzeichnis<\/p>\n<ol>\n<li>\u00dcber diese Cookie-Richtlinie<\/li>\n<li>Was sind Cookies?<\/li>\n<li>Wie nutzen wir Cookies?<\/li>\n<li>Welche Arten von Cookies werden verwendet?<\/li>\n<li>Wie lassen sich die Cookie-Einstellungen verwalten?<\/li>\n<li>Google Analytics<\/li>\n<\/ol>\n<p><em>Zur besseren Lesbarkeit wird in diesem Dokument verallgemeinernd das generische Maskulinum verwendet: <\/em><em>COOKIE-RICHTLINIE<\/em><\/p>\n<h2>1. \u00dcber diese Cookie-Richtlinie<\/h2>\n<p>Diese Richtlinie hilft Ihnen zu verstehen, was Cookies sind, wie wir sie verwenden, welche Arten von Cookies zum Einsatz kommen, welche Informationen wir mithilfe von Cookies sammeln, wof\u00fcr diese Informationen verwendet werden und wie Sie Ihre Cookie-Einstellungen verwalten k\u00f6nnen.<\/p>\n<p>Sie k\u00f6nnen Ihre Zustimmung zur Verwendung von Cookies auf unserer Website jederzeit \u00e4ndern oder widerrufen.<\/p>\n<h2>2. Was sind Cookies?<\/h2>\n<p>Cookies sind Textdateien, die kleine Mengen an Informationen enthalten. Cookies werden auf Ihrem Ger\u00e4t gespeichert, sobald die Website in Ihrem Browser geladen wird. Diese Cookies helfen uns, die ordnungsgem\u00e4sse Funktion unserer Website zu gew\u00e4hrleisten, mehr Sicherheit zu bieten, eine bessere Nutzererfahrung zu erm\u00f6glichen, die Funktionsweise unserer Website zu verstehen und zu analysieren, was funktioniert und wo Optimierungsbedarf besteht.<\/p>\n<h2>3. Wie nutzen wir Cookies?<\/h2>\n<p>Wie die meisten Online-Dienste verwendet auch unsere Website Cookies f\u00fcr verschiedene Zwecke. Erstanbieter-Cookies sind im Wesentlichen f\u00fcr das reibungslose Funktionieren der Website erforderlich. Dabei werden keine Daten erfasst, die einen R\u00fcckschluss auf ihre Person erm\u00f6glichen.<\/p>\n<p>Die auf unserer Website verwendeten Cookies von Drittanbietern dienen vorrangig dazu, die Funktionsf\u00e4higkeit der Website, die Interaktion der Nutzer mit unserer Website und die Sicherheit unserer Dienste zu bewerten und die Benutzerfreundlichkeit zu verbessern. Zudem steigern sie die Interaktion der Besucher mit unserer Website.<\/p>\n<h2>4. Welche Arten von Cookies werden verwendet?<\/h2>\n<p>Eine detaillierte Liste der von uns verwendeten Cookies finden Sie unter folgendem URL:<\/p>\n<p><a href=\"javascript:openAxeptioCookies()\"><em><strong>Meine Zustimmungen durchgehen<\/strong><\/em><\/a><\/p>\n<h2>5. Wie lassen sich die Cookie-Einstellungen verwalten?<\/h2>\n<p>Sie k\u00f6nnen Ihre Cookie-Einstellungen verwalten, indem <a href=\"javascript:openAxeptioCookies()\"><em><strong>Sie diese Seite<\/strong><\/em><\/a> aufrufen und die entsprechenden Cookie-Kategorien im Popup-Fenster nach Belieben aktivieren oder deaktivieren.<\/p>\n<p>Sie k\u00f6nnen die Einstellungen jederzeit nachtr\u00e4glich im Laufe der Browsing-Sitzung \u00e4ndern, indem Sie <a href=\"javascript:openAxeptioCookies()\"><em><strong>auf die Seite<\/strong><\/em><\/a> zur\u00fcckkehren.<\/p>\n<p>Ferner verf\u00fcgen die einzelnen Browser \u00fcber verschiedene Methoden, um die von unserer Website verwendeten Cookies zu blockieren und zu l\u00f6schen. Sie k\u00f6nnen die Einstellungen Ihres Browsers \u00e4ndern, um Cookies zu blockieren oder zu l\u00f6schen.<\/p>\n<p>Weitere Informationen zum Verwalten und L\u00f6schen von Cookies finden Sie unter <a href=\"http:\/\/www.allaboutcookies.org\">www.allaboutcookies.org<\/a>.<\/p>\n<h2>6. Google Analytics<\/h2>\n<p>Die Website von One Placement nutzt Google Analytics f\u00fcr die Analyse der Besucherstr\u00f6me. Die von diesem Tool erzeugten Statistiken erm\u00f6glichen es uns, unsere Websites qualitativ zu entwickeln. Sie enthalten keine Daten, die den Datenschutz verletzen.<\/p>\n<p>Vereinfacht ausgedr\u00fcckt ist Google Analytics ein weiterentwickelter Seitenaufrufz\u00e4hler. Sobald ein Internetnutzer eine Seite der Website von One Placement aufruft, erfasst das Statistiktool den Aufruf dieser Seite.<\/p>\n<p><u>Wozu dient Google Analytics?<\/u><\/p>\n<p>Die Zusammenf\u00fchrung all dieser Zugriffsinformationen liefert wertvolle Einblicke in die von den Internetnutzern bevorzugten Inhalte sowie in die Navigationspfade innerhalb unserer Website. Auf dieser Grundlage kann die Redaktion der One Placement-Website den Inhalt anpassen oder bestehende Seiten umgestalten, um den Gewohnheiten und Bed\u00fcrfnissen der Besucher bestm\u00f6glich gerecht zu werden. Die Ermittlung von Spitzenwerten bei den Zugriffen tr\u00e4gt auch zur Optimierung der Serversysteme bei. So k\u00f6nnen wir unseren Nutzern jederzeit einen z\u00fcgigen Seitenaufruf gew\u00e4hrleisten.<\/p>\n<p><u>Warum haben wir uns f\u00fcr Google Analytics entschieden?<\/u><\/p>\n<p>Heutzutage ist es nicht mehr m\u00f6glich, eine professionelle Webseite ohne eine zuverl\u00e4ssige Besuchermessung zu betreiben. Die Auswahl eines geeigneten Statistik-Tools ist jedoch nicht einfach. Nach der \u00dcberpr\u00fcfung der zahlreichen verf\u00fcgbaren Angebote hat sich One Placement aufgrund der Qualit\u00e4t der gelieferten Daten und der v\u00f6lligen kostenfreien Nutzung des Systems f\u00fcr Google Analytics entschieden. Im Vergleich zu einer kommerziellen oder von den IT-Teams von One Placement intern verwalteten L\u00f6sung k\u00f6nnen hierdurch mehrere tausend Franken pro Jahr eingespart werden.<\/p>\n<p><u>Welche Daten werden von Google Analytics erfasst und verarbeitet?<\/u><\/p>\n<p>Die geografische Herkunft des Besuchers, seine IP-Adresse &#8211; in anonymisierter Form, das Datum des Aufrufs, die Dauer des Besuchs, die aufgerufenen Seiten, die Abfolge der Seiten sowie technische Daten \u00fcber den verwendeten Browser.<\/p>\n<p><u>Wo werden die von Google Analytics gesammelten Daten gespeichert?<\/u><\/p>\n<p>Die Daten werden in den Datenzentren von Google in den USA gespeichert. Dies geschieht laut Google auf einem sehr hohen Sicherheitsniveau. Im Jahr 2010 erteilten die General Services der US-Regierung eine Sicherheitszulassung f\u00fcr die Nutzung dieses Dienstes durch \u00f6ffentliche Einrichtungen.<\/p>\n<p><u>Wie wahrt Google Analytics die Privatsph\u00e4re?<\/u><\/p>\n<p>Google hat diesbez\u00fcglich sehr strenge Richtlinien. Die Allgemeinen Nutzungsbedingungen f\u00fcr dieses Tool garantieren One Placement, dass die gesammelten Daten:<\/p>\n<ul>\n<li>nur in bestimmten, ausdr\u00fccklich aufgelisteten F\u00e4llen an Dritte weitergegeben werden d\u00fcrfen;<\/li>\n<\/ul>\n<ul>\n<li>nicht mit anderen Daten, die Google zur Verf\u00fcgung stehen, zusammengef\u00fchrt werden, beispielsweise um individuelle Besucherprofile zu erstellen.<\/li>\n<\/ul>\n<p>Google Analytics wurde f\u00fcr die ordnungsgem\u00e4sse Handhabung personenbezogener Daten nach ISO 27001 zertifiziert.<\/p>\n<p><u>Wie kann ich das Risiko der Profilerstellung einschr\u00e4nken und meine Privatsph\u00e4re sch\u00fctzen?<\/u><\/p>\n<p>Wenn Sie nicht m\u00f6chten, dass Google Analytic Ihr Verhalten aufzeichnet, k\u00f6nnen Sie das folgende Modul herunterladen und in Ihrem Browser installieren, um die Datenerfassung zu unterbinden:<\/p>\n<p>https:\/\/tools.google.com\/dlpage\/gaoptout?hl=de<\/p>\n<p>Weitere Informationen zum Schutz der Privatsph\u00e4re finden Sie in Abschnitt\u00a08 der Nutzungsbedingungen von Google Analytics.<\/p>\n<p><em>Im Falle einer Diskrepanz zwischen dieser \u00fcbersetzten Version der Cookie-Richtlinie und dem franz\u00f6sischen Originaltext hat die franz\u00f6sische Fassung G\u00fcltigkeit.<\/em><\/p>\n","protected":false},"excerpt":{"rendered":"<p>Inhaltsverzeichnis \u00dcber diese Cookie-Richtlinie Was sind Cookies? Wie nutzen wir Cookies? Welche Arten von Cookies werden verwendet? Wie lassen sich die Cookie-Einstellungen verwalten? Google Analytics Zur besseren Lesbarkeit wird in diesem Dokument verallgemeinernd das generische Maskulinum verwendet: COOKIE-RICHTLINIE 1. \u00dcber diese Cookie-Richtlinie Diese Richtlinie hilft Ihnen zu verstehen, was Cookies sind, wie wir sie verwenden, [&hellip;]<\/p>\n","protected":false},"author":78585,"featured_media":0,"parent":0,"menu_order":0,"comment_status":"closed","ping_status":"closed","template":"","meta":{"_acf_changed":false,"footnotes":""},"class_list":["post-569129","page","type-page","status-publish","hentry"],"acf":[],"aioseo_notices":[],"_links":{"self":[{"href":"https:\/\/job.oneplacement.com\/de\/wp-json\/wp\/v2\/pages\/569129"}],"collection":[{"href":"https:\/\/job.oneplacement.com\/de\/wp-json\/wp\/v2\/pages"}],"about":[{"href":"https:\/\/job.oneplacement.com\/de\/wp-json\/wp\/v2\/types\/page"}],"author":[{"embeddable":true,"href":"https:\/\/job.oneplacement.com\/de\/wp-json\/wp\/v2\/users\/78585"}],"replies":[{"embeddable":true,"href":"https:\/\/job.oneplacement.com\/de\/wp-json\/wp\/v2\/comments?post=569129"}],"version-history":[{"count":3,"href":"https:\/\/job.oneplacement.com\/de\/wp-json\/wp\/v2\/pages\/569129\/revisions"}],"predecessor-version":[{"id":571974,"href":"https:\/\/job.oneplacement.com\/de\/wp-json\/wp\/v2\/pages\/569129\/revisions\/571974"}],"wp:attachment":[{"href":"https:\/\/job.oneplacement.com\/de\/wp-json\/wp\/v2\/media?parent=569129"}],"curies":[{"name":"wp","href":"https:\/\/api.w.org\/{rel}","templated":true}]}}